{"id":24,"date":"2024-04-09T12:39:15","date_gmt":"2024-04-09T12:39:15","guid":{"rendered":"http:\/\/www.ctidesk.pl\/?page_id=24"},"modified":"2024-04-09T15:54:06","modified_gmt":"2024-04-09T15:54:06","slug":"telefonia","status":"publish","type":"page","link":"http:\/\/www.ctidesk.pl\/index.php\/telefonia\/","title":{"rendered":"Telefonia"},"content":{"rendered":"<p style=\"margin: 0px 0px 10px; transition: all 0.7s ease-in-out 0s; color: #333333; font-family: 'Open Sans', sans-serif; font-size: 14px; background-color: #ffffff;\">CTIdesk wsp\u00f3\u0142pracuje z wybranymi typami central telefonicznych na bie\u017c\u0105co wy\u015bwietlaj\u0105c informacje o po\u0142\u0105czeniach.<\/p>\n<p style=\"margin: 0px 0px 10px; transition: all 0.7s ease-in-out 0s; color: #333333; font-family: 'Open Sans', sans-serif; font-size: 14px; background-color: #ffffff;\">Dla po\u0142\u0105cze\u0144 przychodz\u0105cych program wy\u015bwietla dane dzwoni\u0105cego klienta na podstawie danych z bazy klient\u00f3w (rozpoznawanie po numerze telefonu), informacje przez jak\u0105 kolejk\u0119 przysz\u0142o po\u0142\u0105czenie. Umo\u017cliwia \u0142atwe przej\u015bcie do karty dzwoni\u0105cego klienta.<\/p>\n<p>&nbsp;<\/p>\n","protected":false},"excerpt":{"rendered":"<p>CTIdesk wsp\u00f3\u0142pracuje z wybranymi typami central telefonicznych na bie\u017c\u0105co wy\u015bwietlaj\u0105c informacje o po\u0142\u0105czeniach. Dla po\u0142\u0105cze\u0144 przychodz\u0105cych program wy\u015bwietla dane dzwoni\u0105cego klienta na podstawie danych z bazy klient\u00f3w (rozpoznawanie po numerze telefonu), informacje przez jak\u0105 kolejk\u0119 przysz\u0142o po\u0142\u0105czenie. Umo\u017cliwia \u0142atwe przej\u015bcie do karty dzwoni\u0105cego klienta. &nbsp;<\/p>\n","protected":false},"author":1,"featured_media":0,"parent":0,"menu_order":0,"comment_status":"closed","ping_status":"closed","template":"page-no-title","meta":{"_acf_changed":false,"footnotes":""},"class_list":["post-24","page","type-page","status-publish","hentry"],"acf":[],"_links":{"self":[{"href":"http:\/\/www.ctidesk.pl\/index.php\/wp-json\/wp\/v2\/pages\/24","targetHints":{"allow":["GET"]}}],"collection":[{"href":"http:\/\/www.ctidesk.pl\/index.php\/wp-json\/wp\/v2\/pages"}],"about":[{"href":"http:\/\/www.ctidesk.pl\/index.php\/wp-json\/wp\/v2\/types\/page"}],"author":[{"embeddable":true,"href":"http:\/\/www.ctidesk.pl\/index.php\/wp-json\/wp\/v2\/users\/1"}],"replies":[{"embeddable":true,"href":"http:\/\/www.ctidesk.pl\/index.php\/wp-json\/wp\/v2\/comments?post=24"}],"version-history":[{"count":15,"href":"http:\/\/www.ctidesk.pl\/index.php\/wp-json\/wp\/v2\/pages\/24\/revisions"}],"predecessor-version":[{"id":98,"href":"http:\/\/www.ctidesk.pl\/index.php\/wp-json\/wp\/v2\/pages\/24\/revisions\/98"}],"wp:attachment":[{"href":"http:\/\/www.ctidesk.pl\/index.php\/wp-json\/wp\/v2\/media?parent=24"}],"curies":[{"name":"wp","href":"https:\/\/api.w.org\/{rel}","templated":true}]}}